{"id":872,"date":"2019-05-27T08:58:29","date_gmt":"2019-05-27T08:58:29","guid":{"rendered":"https:\/\/geodetic.co\/?page_id=872"},"modified":"2019-05-27T08:58:29","modified_gmt":"2019-05-27T08:58:29","slug":"kariera","status":"publish","type":"page","link":"https:\/\/geodetic.co\/en\/kariera\/","title":{"rendered":"Kariera"},"content":{"rendered":"<p>[vc_row type=&#8221;vc_default&#8221; bg_type=&#8221;image&#8221; parallax_style=&#8221;vcpb-hz-jquery&#8221; bg_image_new=&#8221;id^648|url^https:\/\/geodetic.co\/wp-content\/uploads\/2019\/03\/kubki_fili\u017canki_mockup5.jpg|caption^null|alt^null|title^kubki_fili\u017canki_mockup5|description^null&#8221; bg_image_repeat=&#8221;no-repeat&#8221; bg_img_attach=&#8221;fixed&#8221; bg_override=&#8221;ex-full&#8221; enable_overlay=&#8221;enable_overlay_value&#8221; overlay_color=&#8221;#3c495e&#8221; overlay_pattern=&#8221;transperant&#8221; overlay_pattern_opacity=&#8221;75&#8243; overlay_pattern_size=&#8221;15&#8243; seperator_enable=&#8221;seperator_enable_value&#8221; seperator_type=&#8221;xlarge_triangle_left_seperator&#8221; seperator_position=&#8221;bottom_seperator&#8221; seperator_svg_height=&#8221;45&#8243;][vc_column width=&#8221;1\/2&#8243;]<div class=\"ult-spacer spacer-6a07533ee143a\" data-id=\"6a07533ee143a\" data-height=\"200\" data-height-mobile=\"200\" data-height-tab=\"200\" data-height-tab-portrait=\"\" data-height-mobile-landscape=\"\" style=\"clear:both;display:block;\"><\/div>[vc_column_text css=&#8221;.vc_custom_1553003200830{border-radius: 2px !important;}&#8221;]<\/p>\n<h2 style=\"text-align: center;\"><span style=\"color: #ffffff;\">Kariera w Geodetic<\/span><\/h2>\n<div class=\"gap\" style=\"line-height: 10px; height: 10px;\"><\/div>\n<h3 style=\"text-align: center;\"><span style=\"color: #ffffff;\">Pracuj z nami!<\/span><\/h3>\n<p>[\/vc_column_text]<div class=\"ult-spacer spacer-6a07533ee14c6\" data-id=\"6a07533ee14c6\" data-height=\"40\" data-height-mobile=\"40\" data-height-tab=\"40\" data-height-tab-portrait=\"\" data-height-mobile-landscape=\"\" style=\"clear:both;display:block;\"><\/div><div class=\" ubtn-ctn-center \"><a class=\"ubtn-link ult-adjust-bottom-margin ubtn-center ubtn-large \" href=\"http:\/\/geodetic.co\/zespol\/\" target=\"_blank\" rel=\"noopener\" ><button type=\"button\" id=\"ubtn-3448\"  class=\"ubtn ult-adjust-bottom-margin ult-responsive ubtn-large ubtn-no-hover-bg  none  ubtn-center   tooltip-6a07533ee150d\"  data-hover=\"\" data-border-color=\"#ffffff\" data-bg=\"\" data-hover-bg=\"#e94c3a\" data-border-hover=\"\" data-shadow-hover=\"\" data-shadow-click=\"none\" data-shadow=\"\" data-shd-shadow=\"\"  data-ultimate-target='#ubtn-3448'  data-responsive-json-new='{\"font-size\":\"desktop:25px;\",\"line-height\":\"\"}'  style=\"font-weight:normal;border-radius:3px;border-width:1px;border-color:#ffffff;border-style:outset;color: #ffffff;\"><span class=\"ubtn-hover\" style=\"background-color:#e94c3a\"><\/span><span class=\"ubtn-data ubtn-text \" >Zobacz nasz zesp\u00f3\u0142<\/span><\/button><\/a><\/div><div class=\"ult-spacer spacer-6a07533ee15ba\" data-id=\"6a07533ee15ba\" data-height=\"100\" data-height-mobile=\"100\" data-height-tab=\"100\" data-height-tab-portrait=\"\" data-height-mobile-landscape=\"\" style=\"clear:both;display:block;\"><\/div>[\/vc_column][vc_column width=&#8221;1\/2&#8243;]<div class=\"ult-spacer spacer-6a07533ee15ea\" data-id=\"6a07533ee15ea\" data-height=\"180\" data-height-mobile=\"180\" data-height-tab=\"180\" data-height-tab-portrait=\"\" data-height-mobile-landscape=\"\" style=\"clear:both;display:block;\"><\/div>[vc_column_text]<\/p>\n<h4><span style=\"color: #ffffff;\">stabilna praca<\/span><\/h4>\n<h4><span style=\"color: #ffffff;\">cotygodniowe szkolenia<\/span><\/h4>\n<h4><span style=\"color: #ffffff;\">publikacja w\u0142asnych artyku\u0142\u00f3w<\/span><\/h4>\n<h4><span style=\"color: #ffffff;\">udzia\u0142 w konferencjach bran\u017cowych<\/span><\/h4>\n<h4><span style=\"color: #ffffff;\">premie roczne dla ca\u0142ego zespo\u0142u<\/span><\/h4>\n<h4><span style=\"color: #ffffff;\">indywidualne podej\u015bcie do rozwoju<\/span><\/h4>\n<p>[\/vc_column_text]<div class=\"ult-spacer spacer-6a07533ee1617\" data-id=\"6a07533ee1617\" data-height=\"60\" data-height-mobile=\"60\" data-height-tab=\"60\" data-height-tab-portrait=\"\" data-height-mobile-landscape=\"\" style=\"clear:both;display:block;\"><\/div>[\/vc_column][\/vc_row][vc_row][vc_column]<div class=\"ult-spacer spacer-6a07533ee1642\" data-id=\"6a07533ee1642\" data-height=\"40\" data-height-mobile=\"40\" data-height-tab=\"40\" data-height-tab-portrait=\"\" data-height-mobile-landscape=\"\" style=\"clear:both;display:block;\"><\/div>[vc_column_text]<\/p>\n<h3 style=\"text-align: center;\"><span style=\"color: #e94c3a;\">GEODETA \/ASYSTENT GEODETY<\/span><\/h3>\n<h4 style=\"text-align: center;\">Warszawa<\/h4>\n<p>[\/vc_column_text]<div class=\"ult-spacer spacer-6a07533ee166b\" data-id=\"6a07533ee166b\" data-height=\"40\" data-height-mobile=\"40\" data-height-tab=\"40\" data-height-tab-portrait=\"\" data-height-mobile-landscape=\"\" style=\"clear:both;display:block;\"><\/div>[vc_column_text]<\/p>\n<h4><span style=\"color: #e94c3a;\">Zakres zlece\u0144, w kt\u00f3rych porusza si\u0119 zesp\u00f3\u0142:<\/span><\/h4>\n<ul>\n<li>pomiary i kalkulacje powierzchni (galerie handlowe, biurowce, magazyny, kamienice);<\/li>\n<li>inwentaryzacje architektoniczne;<\/li>\n<li>due diligence nieruchomo\u015bci;<\/li>\n<li>geodezja standardowa i prawna;<\/li>\n<li>skaning, fotogrametria, pomiary dronami;<\/li>\n<li>doradztwo w zakresie prowadzenia proces\u00f3w inwestycyjnych w nieruchomo\u015bciach komercyjnych i mieszkaniowych;<\/li>\n<li>wydawanie autrskich ekspertyz i opinii bieg\u0142ego s\u0105dowego;<\/li>\n<li>opracowywanie autorskich narz\u0119dzi u\u0142atwiaj\u0105cych prac\u0119 ludziom rynku nieruchomo\u015bci (autorski rent-roll);<\/li>\n<li>szkolenie 1000 os\u00f3b corocznie podczas wydarze\u0144 organizowanych przez Geodetic<\/li>\n<li>publikacja artyku\u0142\u00f3w na blogu Geodetic, w Roczniku Geodetic i w czasopismach bran\u017cowych (Gazeta MSP, Kapita\u0142 Polski, Real Estate Manager, C.H. BECK Nieruchomo\u015bci)<\/li>\n<\/ul>\n<h4><span style=\"color: #e94c3a;\">B\u0119dziesz odpowiedzialny za:<\/span><\/h4>\n<ul>\n<li>wykonywanie pomiar\u00f3w w terenie;<\/li>\n<li>wykonywanie opracowa\u0144 kameralnych;<\/li>\n<li>za\u0142atwianie formalno\u015bci w urz\u0119dach i z klientami;<\/li>\n<li>wp\u0142yw na rozw\u00f3j firmy (przygotowywanie formatek, szablon\u00f3w, procedur, itp);<\/li>\n<li>mo\u017cliwo\u015b\u0107 rozwoju oddzia\u0142\u00f3w regionalnych Geodetic w innych miastach Polski;<\/li>\n<li>pomoc w organizacji oraz udzia\u0142 w kongresach i akademiach organizowanych przez\u00a0 Geodetic<\/li>\n<\/ul>\n<h4><span style=\"color: #e94c3a;\">Oczekujemy:<\/span><\/h4>\n<ul>\n<li style=\"text-align: left;\">bardzo dobrej znajomo\u015bci program\u00f3w typu CAD, Winkalk, Pakietu Office;<\/li>\n<li>mile widzana znajomo\u015b\u0107 obs\u0142ugi program\u00f3w do modelowania 3D;<\/li>\n<li style=\"text-align: left;\">prawo jazdy kategorii B;<\/li>\n<li style=\"text-align: left;\">znajomo\u015bci obs\u0142ugi instrument\u00f3w geodezyjnych firmy Leica;<\/li>\n<li style=\"text-align: left;\">zaanga\u017cowania, kreatywno\u015bci, sumienno\u015bci, dyspozycyjno\u015bci;<\/li>\n<li style=\"text-align: left;\">ch\u0119ci zdobywania do\u015bwiadczenia i poszerzania swojej wiedzy praktycznej i teoretycznej.<\/li>\n<\/ul>\n<h4><span style=\"color: #e94c3a;\">Oferujemy:<\/span><\/h4>\n<ul>\n<li>prac\u0119 w firmie z 12-letnim do\u015bwiadczeniem w obs\u0142udze mi\u0119dzynarodowych firm rynku nieruchomo\u015bci komercyjnych i mieszkaniowych &#8211; <a href=\"http:\/\/services.geodetic.co\/partnerzy\/\" target=\"_blank\" rel=\"noopener noreferrer\">zobacz &gt;&gt;<\/a><\/li>\n<li>cotygodniowe szkolenia zwi\u0119kszaj\u0105ce zakres kompetencji ca\u0142ego zespo\u0142u;<\/li>\n<li>premie roczne dla wszystkich pracownik\u00f3w (przewidziany % dochodu firmy z danego roku);<\/li>\n<li>dodatkowe dni wolne od pracy (2 maja, 24 grudnia, pi\u0105tek po Bo\u017cym Ciele);<\/li>\n<li>praca w wymiarze pe\u0142nego etatu;<\/li>\n<li>mo\u017cliwo\u015b\u0107 pracy w delegacji w r\u00f3\u017cnych miastach Polski;<\/li>\n<li>mo\u017cliwo\u015b\u0107 publikowania w\u0142asnych tre\u015bci w Roczniku Geodetic i na blogu\u00a0 &#8211; <a href=\"http:\/\/resources.geodetic.co\" target=\"_blank\" rel=\"noopener noreferrer\">zobacz &gt;&gt;<\/a><\/li>\n<li>mo\u017cliwo\u015b\u0107 ci\u0105g\u0142ego rozwoju poprzez uczestnictwo w akademiach o kongresach Geodetic &#8211;<a href=\"http:\/\/academy.geodetic.co\" target=\"_blank\" rel=\"noopener noreferrer\"> zobacz &gt;&gt;<\/a><\/li>\n<li>mo\u017cliwo\u015b\u0107 dzia\u0142ania w zespole specjalist\u00f3w otwartych na dzielenie si\u0119 wiedz\u0105;<\/li>\n<li>wyj\u0105tkow\u0105 kultur\u0119 organizacyjn\u0105, kt\u00f3ra ceni r\u00f3\u017cnorodno\u015b\u0107 i otwarto\u015b\u0107.<\/li>\n<\/ul>\n<h2><div class=\"gap\" style=\"line-height: 10px; height: 10px;\"><\/div><\/h2>\n<h3 style=\"text-align: center;\"><strong>WY\u015aLIJ SWOJ\u0104 APLIKACJ\u0118<\/strong><\/h3>\n<h4 style=\"text-align: center;\"><span style=\"color: #e94c3a;\">Zainteresowane osoby prosimy o przes\u0142anie cv i przyk\u0142adowych opracowa\u0144 CAD<\/span><\/h4>\n<p style=\"text-align: center;\">na adres mailowy: kariera@geodetic.co<\/p>\n<p style=\"text-align: justify;\">Prosimy o umieszczenie w cv klauzuli: \u201eWyra\u017cam zgod\u0119 na przetwarzanie moich danych osobowych dla potrzeb niezb\u0119dnych do realizacji procesu aktualnych i przysz\u0142ych rekrutacji (zgodnie z Ustaw\u0105 z dnia 29.08.1997 roku o Ochronie Danych Osobowych; tekst jednolity: Dz. U. 2016 r. poz. 922).\u201d<\/p>\n<p style=\"text-align: center;\">Zastrzegamy sobie mo\u017cliwo\u015b\u0107 odpowiedzi tylko na wybrane oferty.<\/p>\n<p>[\/vc_column_text]<div class=\"ult-spacer spacer-6a07533ee16bc\" data-id=\"6a07533ee16bc\" data-height=\"40\" data-height-mobile=\"40\" data-height-tab=\"40\" data-height-tab-portrait=\"\" data-height-mobile-landscape=\"\" style=\"clear:both;display:block;\"><\/div>[\/vc_column][\/vc_row][vc_row type=&#8221;vc_default&#8221; bg_type=&#8221;image&#8221; parallax_style=&#8221;vcpb-hz-jquery&#8221; bg_image_new=&#8221;id^676|url^https:\/\/geodetic.co\/wp-content\/uploads\/2019\/03\/Geodetic.png|caption^null|alt^null|title^Geodetic|description^null&#8221; bg_image_repeat=&#8221;no-repeat&#8221; bg_img_attach=&#8221;fixed&#8221; bg_override=&#8221;ex-full&#8221; enable_overlay=&#8221;enable_overlay_value&#8221; overlay_color=&#8221;#3c495e&#8221; overlay_pattern=&#8221;transperant&#8221; overlay_pattern_opacity=&#8221;75&#8243; overlay_pattern_size=&#8221;15&#8243; seperator_enable=&#8221;seperator_enable_value&#8221; seperator_type=&#8221;xlarge_triangle_left_seperator&#8221; seperator_position=&#8221;bottom_seperator&#8221; seperator_svg_height=&#8221;45&#8243;][vc_column width=&#8221;1\/2&#8243;]<div class=\"ult-spacer spacer-6a07533ee16e4\" data-id=\"6a07533ee16e4\" data-height=\"180\" data-height-mobile=\"180\" data-height-tab=\"180\" data-height-tab-portrait=\"\" data-height-mobile-landscape=\"\" style=\"clear:both;display:block;\"><\/div>[vc_column_text css=&#8221;.vc_custom_1553003349218{border-radius: 2px !important;}&#8221;]<\/p>\n<h2 style=\"text-align: center;\"><span style=\"color: #ffffff;\">PROCES REKRUTACJI<\/span><\/h2>\n<h2 style=\"text-align: center;\"><span style=\"color: #ffffff;\"><div class=\"gap\" style=\"line-height: 10px; height: 10px;\"><\/div><\/span><\/h2>\n<h3 style=\"text-align: center;\"><span style=\"color: #ffffff;\">Jak wygl\u0105da?<\/span><\/h3>\n<p>[\/vc_column_text]<div class=\"ult-spacer spacer-6a07533ee1727\" data-id=\"6a07533ee1727\" data-height=\"140\" data-height-mobile=\"140\" data-height-tab=\"140\" data-height-tab-portrait=\"\" data-height-mobile-landscape=\"\" style=\"clear:both;display:block;\"><\/div>[\/vc_column][vc_column width=&#8221;1\/2&#8243;]<div class=\"ult-spacer spacer-6a07533ee174c\" data-id=\"6a07533ee174c\" data-height=\"180\" data-height-mobile=\"180\" data-height-tab=\"180\" data-height-tab-portrait=\"\" data-height-mobile-landscape=\"\" style=\"clear:both;display:block;\"><\/div>[vc_column_text]<\/p>\n<h4><span style=\"color: #ffffff;\">Krok 1: Wys\u0142anie CV i opracowa\u0144 CAD<\/span><\/h4>\n<h4><span style=\"color: #ffffff;\">Krok 2: Preselekcja<\/span><\/h4>\n<h4><span style=\"color: #ffffff;\">Krok 3: Rozmowy kwalifikacyjne<\/span><\/h4>\n<h4><span style=\"color: #ffffff;\">Krok 4: Negocjacje warunk\u00f3w zatrudnienia<\/span><\/h4>\n<h4><span style=\"color: #ffffff;\">Krok 5: Tydzie\u0144 pr\u00f3bny<\/span><\/h4>\n<h4><span style=\"color: #ffffff;\">Krok 5: Wyb\u00f3r finalnego kandydata<\/span><\/h4>\n<p>[\/vc_column_text]<div class=\"ult-spacer spacer-6a07533ee1770\" data-id=\"6a07533ee1770\" data-height=\"60\" data-height-mobile=\"60\" data-height-tab=\"60\" data-height-tab-portrait=\"\" data-height-mobile-landscape=\"\" style=\"clear:both;display:block;\"><\/div>[\/vc_column][\/vc_row][vc_row][vc_column]<div class=\"ult-spacer spacer-6a07533ee1793\" data-id=\"6a07533ee1793\" data-height=\"20\" data-height-mobile=\"20\" data-height-tab=\"20\" data-height-tab-portrait=\"\" data-height-mobile-landscape=\"\" style=\"clear:both;display:block;\"><\/div>[vc_column_text]<\/p>\n<h1 style=\"text-align: center;\">Measure it soon!<\/h1>\n<p>[\/vc_column_text]<div class=\"ult-spacer spacer-6a07533ee17b6\" data-id=\"6a07533ee17b6\" data-height=\"20\" data-height-mobile=\"20\" data-height-tab=\"20\" data-height-tab-portrait=\"\" data-height-mobile-landscape=\"\" style=\"clear:both;display:block;\"><\/div>[\/vc_column][\/vc_row]<\/p>\n","protected":false},"excerpt":{"rendered":"<p>[vc_row type=&#8221;vc_default&#8221; bg_type=&#8221;image&#8221; parallax_style=&#8221;vcpb-hz-jquery&#8221; bg_image_new=&#8221;id^648|url^https:\/\/geodetic.co\/wp-content\/uploads\/2019\/03\/kubki_fili\u017canki_mockup5.jpg|caption^null|alt^null|title^kubki_fili\u017canki_mockup5|description^null&#8221; bg_image_repeat=&#8221;no-repeat&#8221; bg_img_attach=&#8221;fixed&#8221; bg_override=&#8221;ex-full&#8221; enable_overlay=&#8221;enable_overlay_value&#8221; overlay_color=&#8221;#3c495e&#8221; overlay_pattern=&#8221;transperant&#8221; overlay_pattern_opacity=&#8221;75&#8243; overlay_pattern_size=&#8221;15&#8243; seperator_enable=&#8221;seperator_enable_value&#8221; seperator_type=&#8221;xlarge_triangle_left_seperator&#8221; seperator_position=&#8221;bottom_seperator&#8221; seperator_svg_height=&#8221;45&#8243;][vc_column width=&#8221;1\/2&#8243;][vc_column_text css=&#8221;.vc_custom_1553003200830{border-radius: 2px !important;}&#8221;] Kariera w Geodetic Pracuj z nami! [\/vc_column_text][\/vc_column][vc_column width=&#8221;1\/2&#8243;][vc_column_text] stabilna praca cotygodniowe szkolenia publikacja w\u0142asnych artyku\u0142\u00f3w udzia\u0142 w konferencjach bran\u017cowych premie roczne dla ca\u0142ego zespo\u0142u indywidualne podej\u015bcie do rozwoju [\/vc_column_text][\/vc_column][\/vc_row][vc_row][vc_column][vc_column_text] GEODETA \/ASYSTENT GEODETY Warszawa [\/vc_column_text][vc_column_text]&hellip;<\/p>\n","protected":false},"author":1,"featured_media":645,"parent":0,"menu_order":0,"comment_status":"closed","ping_status":"closed","template":"","meta":{"footnotes":""},"class_list":["post-872","page","type-page","status-publish","has-post-thumbnail","hentry","description-off"],"aioseo_notices":[],"_links":{"self":[{"href":"https:\/\/geodetic.co\/en\/wp-json\/wp\/v2\/pages\/872","targetHints":{"allow":["GET"]}}],"collection":[{"href":"https:\/\/geodetic.co\/en\/wp-json\/wp\/v2\/pages"}],"about":[{"href":"https:\/\/geodetic.co\/en\/wp-json\/wp\/v2\/types\/page"}],"author":[{"embeddable":true,"href":"https:\/\/geodetic.co\/en\/wp-json\/wp\/v2\/users\/1"}],"replies":[{"embeddable":true,"href":"https:\/\/geodetic.co\/en\/wp-json\/wp\/v2\/comments?post=872"}],"version-history":[{"count":1,"href":"https:\/\/geodetic.co\/en\/wp-json\/wp\/v2\/pages\/872\/revisions"}],"predecessor-version":[{"id":873,"href":"https:\/\/geodetic.co\/en\/wp-json\/wp\/v2\/pages\/872\/revisions\/873"}],"wp:featuredmedia":[{"embeddable":true,"href":"https:\/\/geodetic.co\/en\/wp-json\/wp\/v2\/media\/645"}],"wp:attachment":[{"href":"https:\/\/geodetic.co\/en\/wp-json\/wp\/v2\/media?parent=872"}],"curies":[{"name":"wp","href":"https:\/\/api.w.org\/{rel}","templated":true}]}}