{"id":865,"date":"2019-05-27T08:56:59","date_gmt":"2019-05-27T08:56:59","guid":{"rendered":"https:\/\/geodetic.co\/?page_id=865"},"modified":"2019-05-27T08:56:59","modified_gmt":"2019-05-27T08:56:59","slug":"warunki-uczestnictwa","status":"publish","type":"page","link":"https:\/\/geodetic.co\/en\/warunki-uczestnictwa\/","title":{"rendered":"WARUNKI UCZESTNICTWA"},"content":{"rendered":"<h3 style=\"text-align: center;\">WARUNKI UCZESTNICTWA<\/h3>\n<h3 style=\"text-align: center;\">W WYDARZENIACH<\/h3>\n<h3 style=\"text-align: center;\">POLISH GEODETIC GROUP<\/h3>\n<p style=\"text-align: center;\"><strong>Tekst jednolity, aktualizacja 21-01-2019<\/strong><\/p>\n<p style=\"text-align: center;\"><b>\u00a0<\/b><\/p>\n<p>&nbsp;<\/p>\n<p style=\"text-align: center;\"><strong>POJ\u0118CIA<\/strong><\/p>\n<p>Poj\u0119ciom u\u017cywanym w Warunkach Uczestnictwa nadaje si\u0119 nast\u0119puj\u0105ce znaczenie:<\/p>\n<ul>\n<li><strong>Polish Geoetic Group<\/strong> &#8211; marka pod kt\u00f3r\u0105 wsp\u00f3lnie dzia\u0142a Organizator i Ws\u00f3\u0142organizatorzy<\/li>\n<li style=\"text-align: justify;\"><strong>Organizator\u00a0<\/strong>\u2013 Geodetic Sp. z o.o. z siedzib\u0105 w Warszawie (03-984) przy ul. Miko\u0142ajczyka 21\/136, wpisana do Krajowego Rejestru S\u0105dowego, KRS: 0000730057, NIP: 113-297-23-67, REGON: 380075414, numer telefonu: +48 785 041 079, adres e-mail:\u00a0monika.holub@geodetic.co.<\/li>\n<li style=\"text-align: justify;\"><strong>Wsp\u00f3\u0142organizator<\/strong>\u00a0przez kt\u00f3rych rozumie si\u0119 przedsi\u0119biorc\u00f3w:\n<ul>\n<li>Efemeryda Adrian Ho\u0142ub z siedzib\u0105 w Warszawie (03-984) przy ul. Miko\u0142ajczyka 21\/136, wpisana do Centralnej Ewidencji i informacji o Dzia\u0142alno\u015bci Gospodarczej, NIP: 884-241-35-11, REGON: 141159903,<\/li>\n<li>Monika Ho\u0142ub vovoniART z siedzib\u0105 w Warszawie (03-984) przy ul. Miko\u0142ajczyka 21\/136, wpisana do Centralnej Ewidencji i informacji o Dzia\u0142alno\u015bci Gospodarczej, NIP: 776-162-60-82, REGON: 142446119<\/li>\n<\/ul>\n<\/li>\n<li style=\"text-align: justify;\"><strong>Partner handlowy\u00a0<\/strong>\u2013 osoba fizyczna lub osoba reprezentuj\u0105ca podmiot prawny, b\u0119d\u0105ca prelegentem i\/lub sponsorem i\/lub wystawc\u0105 wydarze\u0144. Partner handlowy mo\u017ce wyg\u0142osi\u0107 prelekcj\u0119, przekaza\u0107 swoj\u0105 prezentacj\u0119 uczestnikom, przekaza\u0107 materia\u0142y uczestnikom, wstawic rollup \/ \u015bciank\u0119, wystawi\u0107 stanowisko w mini centrum konferencyjnym i sprzedawa\u0107 swoje materia\u0142y w ramach tego stoiska.<\/li>\n<li style=\"text-align: justify;\"><strong>Wydarzenie<\/strong>\u00a0\u2013 Us\u0142uga w postaci szkolenia, warsztat\u00f3w, kongresu albo inne wydarzenie organizowane przez Us\u0142ugodawc\u0119 i\/lub Wsp\u00f3\u0142administrator\u00f3w.<\/li>\n<li style=\"text-align: justify;\"><b>Uczestnik<\/b>\u2013 osoba korzystaj\u0105ca z Us\u0142ug lub nabywaj\u0105ca Produkty oferowane przez Us\u0142ugodawc\u0119 lub i\/lub Wsp\u00f3\u0142administrator\u00f3w;<\/li>\n<li style=\"text-align: justify;\"><strong>Portal\u00a0<\/strong>\u2013 strona internetowa zarz\u0105dzana przez Us\u0142ugodawc\u0119 w ramach domeny\u00a0<a href=\"http:\/\/www.geodetic.co\/\">geodetic.co<\/a>\u00a0wraz z wszystkimi subdomenami w ramach tej\u017ce strony internetowej, w tym\u00a0<a href=\"http:\/\/www.services.geodetic.co\/\">www.services.geodetic.co<\/a>,\u00a0<a href=\"http:\/\/www.academy.geodetic.co\/\">www.academy.geodetic.co<\/a>,\u00a0<a href=\"http:\/\/www.resources.geodetic.co\/\">www.resources.geodetic.co<\/a>,\u00a0<a href=\"http:\/\/www.realestate.geodetic.co\/\">www.realestate.geodetic.co<\/a>,\u00a0<a href=\"http:\/\/www.mediahouse.geodetic.co\/\">www.mediahouse.geodetic.co<\/a>.<\/li>\n<li style=\"text-align: justify;\"><strong>Produkt<\/strong>\u00a0\u2013 utw\u00f3r w rozumieniu ustawy z dnia 4 lutego 1994 r. o prawie autorskim i prawach pokrewnych (t.j. Dz.U. z 2018 r. poz. 1191) oferowany w postaci egzemplarza utworu albo poprzez zapewnienie dost\u0119pu do tre\u015bci utworu.<\/li>\n<\/ul>\n<p>&nbsp;<\/p>\n<p style=\"text-align: center;\"><strong>ZG\u0141OSZENIE UDZIA\u0141U I OP\u0141ATY<\/strong><\/p>\n<ul style=\"text-align: justify;\">\n<li>Zg\u0142oszenie udzia\u0142u w wydarzeniu nast\u0119puje po wype\u0142nieniu Formularza zg\u0142oszeniowego udzia\u0142u w wydarzeniu.<\/li>\n<\/ul>\n<ul style=\"text-align: justify;\">\n<li>Warunkiem obligatoryjnym uczestnictwa w wydarzeniu jest wniesienie op\u0142aty uczestnika w wysoko\u015bci wskazanej na stronie danego wydarzenia na podstawie wystawionej faktury VAT \u00a0przes\u0142anej e-mailowo na wskazany w formularzu rejestracyjnym adres e-mail. Uczestnik jest zobowi\u0105zany do op\u0142acenia faktury VAT w terminie wskazanym na dokumencie ksi\u0119gowym.<\/li>\n<li>Op\u0142ata:\n<ul>\n<li>obejmuje uczestnictwo w wydarzeniu,<\/li>\n<li>obejmuje materia\u0142y konferencyjne, np.: torby papierowe i\/lub notatniki, teczki, d\u0142ugopisy, materia\u0142y partner\u00f3w hadlowych.<\/li>\n<li>bejmuje certyfikat imienny potwierdzaj\u0105cy udzia\u0142 w wydarzeniu (przekazany w dniu wydarzenia lub wys\u0142any poczt\u0105 tradycyjn\u0105 na wskazany adres korespondencyjny wskazany przez uczestnika). Certyfikaty uczestnictwa nie s\u0105 przydzielane podczas kongres\u00f3w. Certyfikacja dotyczy wy\u0142\u0105cznie Akademii Inwestora.<\/li>\n<li>obejmuje przerw\u0119 kawow\u0105 jednorazow\u0105 lub ci\u0105g\u0142\u0105 w zale\u017cno\u015bci od czasu trwania wydarzenia.<\/li>\n<li>W przypadu ca\u0142odniowych wydarze\u0144 organizowanych przez Geodetic cena obejmuje lunch oferowany przez obiekt, w kt\u00f3rym organizowane jest wydarzenie. Nie skorzystanie z lunchu nie jest powodem do zwrotu cz\u0119\u015bci warto\u015bci op\u0142aty za udzia\u0142 w wydarzeniu.\u00a0 Lunch nie jest serwowany w przypadku kilkugodzinnych wydarze\u0144.<\/li>\n<li>W przypadku zgody prelegenta \/\u00f3w uczestnicy otrzymaj\u0105 prezentacje w formie elektronicznej wyg\u0142oszone podczas wydarze\u0144 (wysy\u0142ane po szkoleniu na podane w formularzu rejestracyjnym adresy e-mail). Prezentacje prelegent\u00f3w, kt\u00f3rzy nie udzielili zgody na ich udost\u0119pnienie nie zostan\u0105 przekazane. Prezentacje przeznaczone s\u0105 do wy\u0142\u0105cznego korzystania uczestnika wydarzenia. Nieautoryzowane rozpowszechnianie ca\u0142o\u015bci lub fragmentu prezentacji w jakiejkolwiek postaci jest zabronione i powoduje naruszenie praw autorskich. Autorzy do\u0142o\u017cyli wszelkich stara\u0144, by zawarte w prezentacjach informacje by\u0142y rzetelne i kompletne. Nie bior\u0105 jednak odpowiedzialno\u015bci za ewentualne szkody wynik\u0142e z ich wykorzystania.<\/li>\n<\/ul>\n<\/li>\n<\/ul>\n<ul style=\"text-align: justify;\">\n<li>Zamawiaj\u0105cy o\u015bwiadcza, \u017ce upowa\u017cnia firm\u0119 Geodetic Sp.z o.o. z siedzib\u0105 przy u. Miko\u0142ajczyka 21\/136, 03-984 Warszawa do wystawienia faktury \u00a0VAT bez swojego podpisu.<\/li>\n<li>Stawka VAT zostanie naliczona zgodnie z obowi\u0105zuj\u0105cym prawem\u00a0 -oddr\u0119bnie na materia\u0142y konferencyjne i oddzielnie na us\u0142ugi szkoleniowe.<br \/>\nWp\u0142at\u0119 nale\u017cy dokona\u0107 we wskazanym na fakturze VAT terminie na konto:\u00a0<b>Geodetic sp.<\/b><b> z o. o.,\u00a0<\/b>ul. Miko\u0142ajczyka 21\/136, 03-984 Warszawa, NIP: 113-297-23-67, KRS: 0000730057, Bank PKO BP, Numer konta bankowego: 52-1020-1169-0000-8202-0284-8422.<\/li>\n<li>W przypadku ograniczonej liczby uczestnik\u00f3w decyduje kolejno\u015b\u0107 wp\u0142at na konto. W przypadku wyczerpania miejsc lub odwo\u0142ania wydarzenia kwota wp\u0142acona na konto organizatora zostanie zwr\u00f3cona w ci\u0105gu 7 dni od planowanej daty szkolenia.<\/li>\n<li>Ewentualne dodatkowe us\u0142ugi tj.: parking, dojazd, zakwaterowanie, wy\u017cywienie w hotelu, itp.. NIE S\u0104 wliczone w\u00a0cen\u0119 wydarze\u0144 i prosimy o ich indywidualne uregulowanie.<\/li>\n<\/ul>\n<p style=\"text-align: justify;\"><strong>\u00a0<\/strong><\/p>\n<p style=\"text-align: center;\"><strong>RABATY I\/LUB BONUSY<\/strong><\/p>\n<ul style=\"text-align: justify;\">\n<li>W przypadku rejestracji wi\u0119kszej ilo\u015bci uczestnik\u00f3w przez jedn\u0105 osob\u0119, prosz\u0119 kontaktowa\u0107 si\u0119 indywidualnie w celu ustalenia rabat\u00f3w i\/lub bonus\u00f3w. Wi\u0119cej informacji udziela Monika Ho\u0142ub +48 785\u00a0041\u00a0079, monika.holub@geodetic.co<\/li>\n<\/ul>\n<p style=\"text-align: justify;\"><strong>\u00a0<\/strong><\/p>\n<p style=\"text-align: center;\"><strong>REZYGNACJA Z UCZESTNICTWA<\/strong><\/p>\n<ul style=\"text-align: justify;\">\n<li>Odwo\u0142anie udzia\u0142u w wydarzeniu:<\/li>\n<\/ul>\n<ul style=\"text-align: justify;\">\n<li style=\"list-style-type: none;\">\n<ul>\n<li>mo\u017ce nast\u0105pi\u0107 tylko w formie pisemnej;<\/li>\n<li>je\u017celi uczestnik z\u0142o\u017cy pisemn\u0105 rezygnacj\u0119 nie p\u00f3\u017aniej ni\u017c 10 dni roboczych przed planowanym terminem wydarzenia nie poniesie \u017cadnych koszt\u00f3w, a wp\u0142acona kwota zostanie mu zwr\u00f3cona mo\u017cliwie najszybciej ale nie p\u00f3\u017aniej ni\u017c w terminie do 7 dni od daty zako\u0144czenia wydarzenia.<\/li>\n<li>je\u017celi uczestnik\u00a0z\u0142o\u017cy pisemn\u0105 rezygnacj\u0119 p\u00f3\u017aniej ni\u017c 10 dni przed rozpocz\u0119ciem \u00a0wydarzenia, zostanie obci\u0105\u017cony kosztami organizacyjnymi w wysoko\u015bci (od szkolenia 200z\u0142 netto os+ 23% VAT, a od kongresu 350 z\u0142 netto + 23% VAT\/osob\u0119).<\/li>\n<li>Osoby, kt\u00f3re nie odwo\u0142aj\u0105 pisemnie swojego udzia\u0142u w wydarzeniu, a nie wezm\u0105 udzia\u0142u w wydarzeniu, zostan\u0105 obci\u0105\u017cone pe\u0142nymi kosztami uczestnictwa. Niedokonanie wp\u0142aty nie jest jednoznaczne z rezygnacj\u0105 z udzia\u0142u w wydarzeniu.<\/li>\n<\/ul>\n<\/li>\n<\/ul>\n<p style=\"text-align: justify;\"><strong>\u00a0<\/strong><\/p>\n<p style=\"text-align: center;\"><strong>ZAST\u0118POWANIE I PRZENOSZENIE<\/strong><\/p>\n<ul style=\"text-align: justify;\">\n<li>Zamiast zg\u0142oszonej osoby w wydarzeniu mo\u017ce wzi\u0105\u0107 udzia\u0142 inna osoba bez ponoszenia dodatkowych op\u0142at. Nale\u017cy o tym pisemnie poinformowa\u0107 organizatora wydarzenia. Osoba ta musi wyrazi\u0107\u00a0&#8220;akceptacje not prawnych&#8221;: znajduj\u0105ce si\u0119 w <a href=\"http:\/\/academy.geodetic.co\/formularz\/\" target=\"_blank\" rel=\"noopener noreferrer\">formularzu\u00a0 rejestracji\u00a0<\/a>\u00a0Mo\u017ce tego dokona\u0107 poprzez wype\u0142nienie formularza i wpisanie w polu &#8220;Uwagi&#8221; adnotacji, \u017ce jest ona w zast\u0119pstwie innej osoby (nale\u017cy poda\u0107 imi\u0119 i nazwisko tej osoby).<\/li>\n<\/ul>\n<ul style=\"text-align: justify;\">\n<li>Decyzja zmiany terminu wydarzenia na inny mo\u017ce by\u0107 potraktowana jako rezygnacja z wydarzenia. W przypadku ch\u0119ci zmiany terminu udzia\u0142u w wydarzenia zg\u0142oszonego uczestnika \u00a0prosimy w trybie pilnym kontaktowa\u0107 si\u0119 z organizatorem wydarzenia.<\/li>\n<\/ul>\n<p style=\"text-align: justify;\"><strong>\u00a0<\/strong><\/p>\n<p style=\"text-align: center;\"><strong>WERSJA J\u0118ZYKOWA<\/strong><\/p>\n<ul style=\"text-align: justify;\">\n<li>Wszystkie wydarzenia prowadzone s\u0105 po polsku. Wszystkie przekazywane materia\u0142y w wersji elektronicznej r\u00f3wnie\u017c przekazywane s\u0105 w wersji polskiej.<\/li>\n<\/ul>\n<p>&nbsp;<\/p>\n<p style=\"text-align: center;\"><strong>ZMIANY<\/strong><\/p>\n<ul style=\"text-align: justify;\">\n<li>Organizator zastrzega sobie prawo do:<\/li>\n<\/ul>\n<ul style=\"text-align: justify;\">\n<li style=\"list-style-type: none;\">\n<ul>\n<li>drobnych zmian w programie wydarze\u0144,<\/li>\n<li>zmiany obiektu w obr\u0119bie danego miasta, w kt\u00f3rym planowane jest dane wydarzenie,<\/li>\n<li>zmiany terminu wydarzenia lub jego odwo\u0142ania w przypadku braku wystarczaj\u0105cej liczby uczestnik\u00f3w lub wyst\u0105pienia innych istotnych okoliczno\u015bci.<\/li>\n<li>zaproponowania Zamawiaj\u0105cemu nast\u0119pnego terminu wydarzenia, je\u017celi liczba zg\u0142oszonych uczestnik\u00f3w przekroczy ustalon\u0105 przez Organizatora maksymaln\u0105 liczb\u0119 uczestnik\u00f3w dla danego wydarzenia.<\/li>\n<\/ul>\n<\/li>\n<\/ul>\n<ul style=\"text-align: justify;\">\n<li>o zmianach organizator niezw\u0142ocznie poinformuje uczestnika na stronie wydarzenia, w kt\u00f3rym uczestnik dokona\u0142 rejestracji oraz e-mailowo, na podany przez osob\u0119 rejestruj\u0105c\u0105 si\u0119 przez formularz adres e-mail. Uczestnik ma w takim przypadku prawo do odst\u0105pienia od wydarzenia, o czym powinien powiadomi\u0107 Organizatora na adres poczty elektronicznej \u2013 nie p\u00f3\u017aniej ni\u017c w ci\u0105gu 3 dni od otrzymania powiadomienia o zmianie. W takim przypadku Organizator zwr\u00f3ci Uczestnikowi w ci\u0105gu 7 dni ju\u017c zap\u0142acone nale\u017cno\u015b\u0107 za wydarzenie. Zwrot nast\u0105pi na konto Uczestnika, kt\u00f3re powinno zosta\u0107 podane w wiadomo\u015bci o rezygnacji.<\/li>\n<\/ul>\n<p>&nbsp;<\/p>\n<p style=\"text-align: center;\"><strong>KONTAKT<\/strong><\/p>\n<ul>\n<li style=\"text-align: justify;\">osob\u0105 kontaktow\u0105 w kwestii organizacji wydarze\u0144 jest Monika Ho\u0142ub: +48 785 041 079, monika.holub@geodetic.co<\/li>\n<\/ul>\n","protected":false},"excerpt":{"rendered":"<p>WARUNKI UCZESTNICTWA W WYDARZENIACH POLISH GEODETIC GROUP Tekst jednolity, aktualizacja 21-01-2019 \u00a0 &nbsp; POJ\u0118CIA Poj\u0119ciom u\u017cywanym w Warunkach Uczestnictwa nadaje si\u0119 nast\u0119puj\u0105ce znaczenie: Polish Geoetic Group &#8211; marka pod kt\u00f3r\u0105 wsp\u00f3lnie dzia\u0142a Organizator i Ws\u00f3\u0142organizatorzy Organizator\u00a0\u2013 Geodetic Sp. z o.o. z siedzib\u0105 w Warszawie (03-984) przy ul. Miko\u0142ajczyka 21\/136, wpisana do Krajowego Rejestru S\u0105dowego, KRS:&hellip;<\/p>\n","protected":false},"author":1,"featured_media":0,"parent":0,"menu_order":0,"comment_status":"closed","ping_status":"closed","template":"","meta":{"footnotes":""},"class_list":["post-865","page","type-page","status-publish","hentry","description-off"],"aioseo_notices":[],"_links":{"self":[{"href":"https:\/\/geodetic.co\/en\/wp-json\/wp\/v2\/pages\/865","targetHints":{"allow":["GET"]}}],"collection":[{"href":"https:\/\/geodetic.co\/en\/wp-json\/wp\/v2\/pages"}],"about":[{"href":"https:\/\/geodetic.co\/en\/wp-json\/wp\/v2\/types\/page"}],"author":[{"embeddable":true,"href":"https:\/\/geodetic.co\/en\/wp-json\/wp\/v2\/users\/1"}],"replies":[{"embeddable":true,"href":"https:\/\/geodetic.co\/en\/wp-json\/wp\/v2\/comments?post=865"}],"version-history":[{"count":1,"href":"https:\/\/geodetic.co\/en\/wp-json\/wp\/v2\/pages\/865\/revisions"}],"predecessor-version":[{"id":866,"href":"https:\/\/geodetic.co\/en\/wp-json\/wp\/v2\/pages\/865\/revisions\/866"}],"wp:attachment":[{"href":"https:\/\/geodetic.co\/en\/wp-json\/wp\/v2\/media?parent=865"}],"curies":[{"name":"wp","href":"https:\/\/api.w.org\/{rel}","templated":true}]}}