{"id":859,"date":"2019-05-27T08:53:56","date_gmt":"2019-05-27T08:53:56","guid":{"rendered":"https:\/\/geodetic.co\/?page_id=859"},"modified":"2019-05-27T08:53:56","modified_gmt":"2019-05-27T08:53:56","slug":"rodo","status":"publish","type":"page","link":"https:\/\/geodetic.co\/en\/rodo\/","title":{"rendered":"RODO"},"content":{"rendered":"<p>[vc_row][vc_column][vc_column_text]<\/p>\n<p style=\"text-align: center;\"><strong>INFORMACJA O ZBIERANIU DANYCH OSOBOWYCH<\/strong><\/p>\n<p>Zgodnie z art. 13 og\u00f3lnego rozporz\u0105dzenia o ochronie danych osobowych z dnia 27 kwietnia 2016 r. (Dz. Urz. UE L 119 z 04.05.2016), zwanego dalej RODO, informuje si\u0119, \u017ce:<\/p>\n<p>Administratorem przetwarzaj\u0105cym Pa\u0144stwa dane osobowe jest Geodetic Sp. z o.o. z siedzib\u0105 w Warszawie<strong>\u00a0<\/strong>przy ul. Miko\u0142ajczyka 21\/136, 03-984\u00a0Warszawa wpisana do\u00a0Rejestru Przedsi\u0119biorc\u00f3w prowadzonego przez S\u0105d Rejonowy dla m.st. Warszawy w Warszawie, XII Wydzia\u0142 Gospodarczy pod numerem KRS:\u00a00000730057,\u00a0NIP:1132972367, REGON: 380075414,<\/p>\n<p>Informuje si\u0119, \u017ce w wykonaniu uzgodnienia podj\u0119tego zgodnie z art. 26 RODO, administrator niniejszym realizuje obowi\u0105zek informacyjny tak\u017ce wobec pozosta\u0142ych wsp\u00f3\u0142administrator\u00f3w Pa\u0144stwa danych osobowych tj. podmiot\u00f3w:<\/p>\n<ul>\n<li>Efemeryda Adrian Ho\u0142ubz siedzib\u0105 w Warszawie<strong>\u00a0<\/strong>przy ul. Miko\u0142ajczyka 21\/136, 03-984 Warszawa wpisana do Centralnej Ewidencji i Informacji o Dzia\u0142alno\u015bci Gospodarczej pod numerem\u00a0NIP: 884 2413511, REGON: 141159903<\/li>\n<li>Monika Ho\u0142ub vovoniART z siedzib\u0105 w Warszawie (03-984) przy ul. Miko\u0142ajczyka 21\/136, wpisana do Centralnej Ewidencji i informacji o Dzia\u0142alno\u015bci Gospodarczej, NIP: 776-162-60-82, REGON: 142446119<\/li>\n<\/ul>\n<p>z tych wzgl\u0119d\u00f3w wszystkie wymienione wy\u017cej podmioty\u00a0 dalej \u0142\u0105cznie zwane b\u0119d\u0105 <strong>administratorem<\/strong>.<\/p>\n<p>Kontakt z administratorem oraz wymienionymi wy\u017cej wsp\u00f3\u0142administratorami jest mo\u017cliwy w ka\u017cdym czasie pod adresem <a href=\"mailto:biuro@geodetic.co\">biuro@geodetic.co<\/a><\/p>\n<p>&nbsp;<\/p>\n<p><strong>W jakim celu przetwarzane s\u0105 podane przez Pa\u0144stwa dane osobowe ?<\/strong><\/p>\n<p>W celu realizacji dzia\u0142a\u0144, na kt\u00f3re wyra\u017cono zgod\u0119 (art. 6 ust. 1 lit. a RODO), w tym:<\/p>\n<ol>\n<li>zapis do Newslettera w ramach strony internetowej <a href=\"http:\/\/www.geodetic.co\">geodetic.co<\/a><\/li>\n<li>zapisywanie danych plik\u00f3w cookies w ramach strony internetowej <a href=\"http:\/\/www.geodetic.co\">geodetic.co<\/a><\/li>\n<li>udzia\u0142 w akcjach marketingowych organizowanych przez administratora, wsp\u00f3\u0142administrator\u00f3w lub innych partner\u00f3w,<\/li>\n<li>zgoda na publikacj\u0119 przekazanych opinii,<\/li>\n<li>zgoda na komercyjne wykorzystanie materia\u0142\u00f3w pozyskanych przez administratora w ramach organizowanych wydarze\u0144,<\/li>\n<li>zgoda na wykorzystanie wizerunku w mediach.<\/li>\n<\/ol>\n<p>&nbsp;<\/p>\n<p>W celu realizacji dzia\u0142a\u0144 niezb\u0119dnych dla wykonania zawartej umowy (art. 6 ust. 1 lit. b RODO), w tym:<\/p>\n<ol>\n<li>\u015bwiadczenia zam\u00f3wionych us\u0142ug<\/li>\n<li>dostawa zam\u00f3wionych produkt\u00f3w<\/li>\n<li>rozliczenie \u015bwiadczonych us\u0142ug i dostawy produkt\u00f3w,<\/li>\n<li>obs\u0142ugi zg\u0142oszonych reklamacji,<\/li>\n<\/ol>\n<p>&nbsp;<\/p>\n<p>W wypadkach gdy przetwarzanie danych jest niezb\u0119dne do wype\u0142nienia obowi\u0105zku prawnego ci\u0105\u017c\u0105cego na\u00a0administratorze (art. 6 ust. 1 lit c RODO, a w szczeg\u00f3lno\u015bci:<\/p>\n<ol>\n<li>zbieranie i archiwizacja danych fiskalnych w wykonaniu obowi\u0105zk\u00f3w podatkowych, w zwi\u0105zku z zawart\u0105 umow\u0105,<\/li>\n<\/ol>\n<p>W wypadkach gdy przetwarzanie danych osobowych jest niezb\u0119dne ze wzgl\u0119du na prawnie uzasadniony interes administratora (art. 6 ust. 1 lit. f RODO), a mianowicie:<\/p>\n<ol>\n<li>w celu udzielenia odpowiedzi na zapytania kierowane do administratora,<\/li>\n<li>w celu windykacji nale\u017cno\u015bci oraz w zwi\u0105zku z ustaleniem i dochodzeniem innych roszcze\u0144,<\/li>\n<li>przechowywanie danych w celach statystycznych oraz archiwalnych.<\/li>\n<\/ol>\n<p>&nbsp;<\/p>\n<p><strong>Czy podanie danych osobowych jest dobrowolne ?<\/strong><\/p>\n<p>Podanie danych osobowych jest zawsze dobrowolne. W pewnych wypadkach mog\u0105 by\u0107 Pa\u0144stwo zobligowani do podania okre\u015blonych danych osobowych ze wzgl\u0119du na w\u0142a\u015bciwo\u015b\u0107 danej us\u0142ugi (identyfikacja danych osoby sk\u0142adaj\u0105cej zam\u00f3wienie na dany produkt lub us\u0142ug\u0119) albo spos\u00f3b jej rozliczenia (np. gdy zg\u0142oszono \u017c\u0105danie wystawienia faktury) albo ze wzgl\u0119du na spos\u00f3b funkcjonowania systemu informatycznego zapewniaj\u0105cego\u00a0\u015bwiadczenie\u00a0us\u0142ugi (np. wymagany adres email w celu realizacji us\u0142ugi Newsletter). Rezygnacja z podania takich danych mo\u017ce skutkowa\u0107 odmow\u0105 \u015bwiadczenia okre\u015blonej us\u0142ugi przez administratora.<\/p>\n<p>&nbsp;<\/p>\n<p><strong>Kto jest odbiorc\u0105 zbieranych od Pa\u0144stwa danych osobowych ?<\/strong><\/p>\n<p>Odbiorc\u0105 danych osobowych podanych przez u\u017cytkownika b\u0119d\u0105 podmioty, kt\u00f3rych udzia\u0142 w wykonaniu us\u0142ugi jest niezb\u0119dny ze wzgl\u0119du na w\u0142a\u015bciwo\u015b\u0107 Us\u0142ugi lub obowi\u0105zuj\u0105ce przepisy prawa, a mianowicie mo\u017ce to by\u0107 to:<\/p>\n<ol>\n<li>wsp\u00f3\u0142administrator \u2013 organizator wydarzenia, w ramach kt\u00f3rego zg\u0142osili Pa\u0144stwo sw\u00f3j udzia\u0142,<\/li>\n<li>bank lub inna instytucja finansowa &#8211; w celu dokonania rozliczenia us\u0142ugi odp\u0142atnej, w zale\u017cno\u015bci od wybranego sposobu p\u0142atno\u015bci,<\/li>\n<li>zewn\u0119trzne biuro rachunkowe \u2013 w celu rozliczenia us\u0142ugi i archiwizacji danych fiskalnych w wykonaniu obowi\u0105zk\u00f3w podatkowych,<\/li>\n<li>podmioty zaanga\u017cowane przez administratora w celu realizacji jego prawnie uzasadnionych interes\u00f3w agencja reklamowa, zewn\u0119trzna obs\u0142uga prawna,<\/li>\n<li>organy uprawnione do uzyskania danych osobowych, kt\u00f3re na podstawie obowi\u0105zuj\u0105cych przepis\u00f3w prawa zwr\u00f3ci\u0142y si\u0119 do administratora o udost\u0119pnienie danych w zakresie podejmowanych dzia\u0142a\u0144.<\/li>\n<\/ol>\n<p><strong>\u00a0<\/strong><\/p>\n<p><strong>Jak d\u0142ugo przechowywane s\u0105 Pa\u0144stwa dane osobowe ?<\/strong><\/p>\n<ol start=\"2\">\n<li>Podane przez Pa\u0144stwa dane osobowe mog\u0105 by\u0107 przechowywane:\n<ol>\n<li>w zakresie danych, na kt\u00f3rych przetwarzanie wyra\u017cono zgod\u0119 \u2013 do chwili cofni\u0119cia zgody,<\/li>\n<li>w zakresie danych niezb\u0119dnych w celu wykonania zawartej umowy \u2013 przez okres obowi\u0105zywania umowy,<\/li>\n<li>w wypadku gdy przetwarzanie danych jest niezb\u0119dne do wype\u0142nienia obowi\u0105zku prawnego ci\u0105\u017c\u0105cego na\u00a0administratorze \u2013 do momentu ustania takiego obowi\u0105zku prawnego,<\/li>\n<li>w wypadku gdy przetwarzanie danych osobowych jest niezb\u0119dne ze wzgl\u0119du na prawnie uzasadniony interes administratora \u2013 do chwili ustania potrzeb biznesowych, zako\u0144czenia dzia\u0142a\u0144 marketingowych z udzia\u0142em u\u017cytkownika serwisu lub przedawnienia roszcze\u0144,<\/li>\n<li>w pozosta\u0142ych wypadkach \u2013 wy\u0142\u0105cznie gdy na dalsze przetwarzanie danych zezwalaj\u0105 przepisy prawa.<\/li>\n<\/ol>\n<\/li>\n<\/ol>\n<p>&nbsp;<\/p>\n<p><strong>Jakie prawa przys\u0142uguj\u0105 Pa\u0144stwu w zwi\u0105zku z przetwarzaniem danych osobowych ?<\/strong><\/p>\n<p>Informuje si\u0119, \u017ce ka\u017cda osoba, kt\u00f3rej dane dotycz\u0105 posiada nast\u0119puj\u0105ce prawa:<\/p>\n<p>&nbsp;<\/p>\n<p><strong>Prawo dost\u0119pu do tre\u015bci swoich danych<\/strong> &#8211; osoba, kt\u00f3rej dane dotycz\u0105, jest uprawniona do uzyskania potwierdzenia, czy przetwarzane s\u0105 dane osobowe jej dotycz\u0105ce, a\u00a0je\u017celi ma to miejsce, jest uprawniona do uzyskania dost\u0119pu do nich oraz\u00a0informacji wymienionych w art. 15 RODO.<\/p>\n<p>&nbsp;<\/p>\n<p><strong>Prawo do sprostowania tre\u015bci swoich danych<\/strong> &#8211; osoba, kt\u00f3rej dane dotycz\u0105, ma prawo \u017c\u0105dania niezw\u0142ocznego sprostowania dotycz\u0105cych jej danych osobowych, kt\u00f3re s\u0105 nieprawid\u0142owe. Z uwzgl\u0119dnieniem cel\u00f3w przetwarzania, osoba, kt\u00f3rej dane dotycz\u0105, ma prawo \u017c\u0105dania uzupe\u0142nienia niekompletnych danych osobowych, w tym poprzez przedstawienie dodatkowego o\u015bwiadczenia.<\/p>\n<p>&nbsp;<\/p>\n<p><strong>Prawo do \u017c\u0105dania usuni\u0119cia danych (\u201eprawo do bycia zapomnianym\u201d)<\/strong> \u2013 osoba, kt\u00f3rej dane dotycz\u0105, ma prawo \u017c\u0105dania niezw\u0142ocznego usuni\u0119cia dotycz\u0105cych jej danych osobowych, je\u017celi zachodzi jedna z\u00a0okoliczno\u015bci wymienionych w art. 17 RODO.<\/p>\n<p>&nbsp;<\/p>\n<p><strong>Prawo do ograniczenia przetwarzania danych<\/strong> &#8211; osoba, kt\u00f3rej dane dotycz\u0105, ma prawo \u017c\u0105dania ograniczenia przetwarzania w\u00a0wypadkach okre\u015blonych w art. 18 RODO.<\/p>\n<p>&nbsp;<\/p>\n<p><strong>Prawo do przeniesienia danych osobowych<\/strong> \u2013 osoba, kt\u00f3rej dane dotycz\u0105, ma prawo otrzyma\u0107 w\u00a0ustrukturyzowanym, powszechnie u\u017cywanym formacie\u00a0nadaj\u0105cym si\u0119 do odczytu maszynowego dane osobowe jej dotycz\u0105ce, kt\u00f3re dostarczy\u0142a, oraz ma prawo przes\u0142a\u0107 te dane osobowe innemu administratorowi w wypadkach okre\u015blonych w art. 20 RODO.<\/p>\n<p>&nbsp;<\/p>\n<p><strong>Prawo do wniesienia sprzeciwu<\/strong> &#8211; osoba, kt\u00f3rej dane dotycz\u0105, ma prawo w\u00a0dowolnym momencie wnie\u015b\u0107 sprzeciw w okoliczno\u015bciach opisanych w art. 21 RODO.<\/p>\n<p>&nbsp;<\/p>\n<p><strong>Prawo do cofni\u0119cia zgody na przetwarzanie danych<\/strong> &#8211; je\u017celi przetwarzanie odbywa si\u0119 na podstawie udzielonej zgody, osoba, kt\u00f3rej dane dotycz\u0105 mo\u017ce \u017c\u0105da\u0107 cofni\u0119cia zgody w\u00a0dowolnym momencie bez wp\u0142ywu na zgodno\u015b\u0107 z\u00a0prawem przetwarzania, kt\u00f3rego dokonano na podstawie zgody przed jej cofni\u0119ciem;<\/p>\n<p>&nbsp;<\/p>\n<p><strong>Prawo do wniesienia skargi do organu nadzorczego<\/strong> &#8211; ka\u017cda osoba, kt\u00f3rej dane dotycz\u0105 posiada prawo wniesienia skargi do organu nadzorczego je\u017celi s\u0105dzi, \u017ce przetwarzanie danych osobowych jej dotycz\u0105ce narusza\u00a0przepisy RODO.<\/p>\n<p>&nbsp;<\/p>\n<p><strong>Czy Pa\u0144stwa dane osobowe s\u0105 profilowane ?<\/strong><\/p>\n<p>Informuje si\u0119, \u017ce Pa\u0144stwa dane osobowe nie podlegaj\u0105 zautomatyzowanemu podejmowaniu decyzji, w tym profilowaniu zwi\u0105zanym z automatycznym podejmowaniem decyzji.<\/p>\n<p>&nbsp;<\/p>\n<p>[\/vc_column_text][\/vc_column][\/vc_row]<\/p>\n","protected":false},"excerpt":{"rendered":"<p>[vc_row][vc_column][vc_column_text] INFORMACJA O ZBIERANIU DANYCH OSOBOWYCH Zgodnie z art. 13 og\u00f3lnego rozporz\u0105dzenia o ochronie danych osobowych z dnia 27 kwietnia 2016 r. (Dz. Urz. UE L 119 z 04.05.2016), zwanego dalej RODO, informuje si\u0119, \u017ce: Administratorem przetwarzaj\u0105cym Pa\u0144stwa dane osobowe jest Geodetic Sp. z o.o. z siedzib\u0105 w Warszawie\u00a0przy ul. Miko\u0142ajczyka 21\/136, 03-984\u00a0Warszawa wpisana do\u00a0Rejestru&hellip;<\/p>\n","protected":false},"author":1,"featured_media":0,"parent":0,"menu_order":0,"comment_status":"closed","ping_status":"closed","template":"","meta":{"footnotes":""},"class_list":["post-859","page","type-page","status-publish","hentry","description-off"],"aioseo_notices":[],"_links":{"self":[{"href":"https:\/\/geodetic.co\/en\/wp-json\/wp\/v2\/pages\/859","targetHints":{"allow":["GET"]}}],"collection":[{"href":"https:\/\/geodetic.co\/en\/wp-json\/wp\/v2\/pages"}],"about":[{"href":"https:\/\/geodetic.co\/en\/wp-json\/wp\/v2\/types\/page"}],"author":[{"embeddable":true,"href":"https:\/\/geodetic.co\/en\/wp-json\/wp\/v2\/users\/1"}],"replies":[{"embeddable":true,"href":"https:\/\/geodetic.co\/en\/wp-json\/wp\/v2\/comments?post=859"}],"version-history":[{"count":1,"href":"https:\/\/geodetic.co\/en\/wp-json\/wp\/v2\/pages\/859\/revisions"}],"predecessor-version":[{"id":860,"href":"https:\/\/geodetic.co\/en\/wp-json\/wp\/v2\/pages\/859\/revisions\/860"}],"wp:attachment":[{"href":"https:\/\/geodetic.co\/en\/wp-json\/wp\/v2\/media?parent=859"}],"curies":[{"name":"wp","href":"https:\/\/api.w.org\/{rel}","templated":true}]}}